{"id":1669,"date":"2026-02-04T18:05:54","date_gmt":"2026-02-05T00:05:54","guid":{"rendered":"https:\/\/danielpachecorojas.com\/?page_id=1669"},"modified":"2026-02-10T13:17:01","modified_gmt":"2026-02-10T19:17:01","slug":"insights","status":"publish","type":"page","link":"https:\/\/danielpachecorojas.com\/es\/insights\/","title":{"rendered":"An\u00e1lisis"},"content":{"rendered":"<div data-elementor-type=\"wp-page\" data-elementor-id=\"1669\" class=\"elementor elementor-1669\" data-elementor-post-type=\"page\">\n\t\t\t\t<div class=\"elementor-element elementor-element-6fb2d80 e-flex e-con-boxed e-con e-parent\" data-id=\"6fb2d80\" data-element_type=\"container\" data-e-type=\"container\">\n\t\t\t\t\t<div class=\"e-con-inner\">\n\t\t\t\t<div class=\"elementor-element elementor-element-8d61484 elementor-widget elementor-widget-heading\" data-id=\"8d61484\" data-element_type=\"widget\" data-e-type=\"widget\" data-widget_type=\"heading.default\">\n\t\t\t\t<div class=\"elementor-widget-container\">\n\t\t\t\t\t<h1 class=\"elementor-heading-title elementor-size-default\">An\u00e1lisis estrat\u00e9gicos sobre energ\u00eda, poder y toma de decisiones<\/h1>\t\t\t\t<\/div>\n\t\t\t\t<\/div>\n\t\t\t\t\t<\/div>\n\t\t\t\t<\/div>\n\t\t<div class=\"elementor-element elementor-element-be73d93 e-flex e-con-boxed e-con e-parent\" data-id=\"be73d93\" data-element_type=\"container\" data-e-type=\"container\">\n\t\t\t\t\t<div class=\"e-con-inner\">\n\t\t\t\t<div class=\"elementor-element elementor-element-f63f6ca elementor-widget elementor-widget-heading\" data-id=\"f63f6ca\" data-element_type=\"widget\" data-e-type=\"widget\" data-widget_type=\"heading.default\">\n\t\t\t\t<div class=\"elementor-widget-container\">\n\t\t\t\t\t<h2 class=\"elementor-heading-title elementor-size-default\">An\u00e1lisis independiente en la intersecci\u00f3n de los sistemas energ\u00e9ticos, la geopol\u00edtica, las finanzas y la estrategia institucional.<\/h2>\t\t\t\t<\/div>\n\t\t\t\t<\/div>\n\t\t\t\t\t<\/div>\n\t\t\t\t<\/div>\n\t\t<div class=\"elementor-element elementor-element-702c61a e-flex e-con-boxed e-con e-parent\" data-id=\"702c61a\" data-element_type=\"container\" data-e-type=\"container\">\n\t\t\t\t\t<div class=\"e-con-inner\">\n\t\t\t\t<div class=\"elementor-element elementor-element-0215813 elementor-widget elementor-widget-text-editor\" data-id=\"0215813\" data-element_type=\"widget\" data-e-type=\"widget\" data-widget_type=\"text-editor.default\">\n\t\t\t\t<div class=\"elementor-widget-container\">\n\t\t\t\t\t\t\t\t\t<p>Esta secci\u00f3n contiene an\u00e1lisis seleccionados desarrollados a partir de investigaci\u00f3n, trabajo de asesor\u00eda y an\u00e1lisis a nivel de sistemas.<\/p><p>El objetivo no es comentar la coyuntura, sino clarificar din\u00e1micas complejas y sus implicaciones estrat\u00e9gicas.<br \/>para quienes toman decisiones.<\/p>\t\t\t\t\t\t\t\t<\/div>\n\t\t\t\t<\/div>\n\t\t\t\t\t<\/div>\n\t\t\t\t<\/div>\n\t\t<div class=\"elementor-element elementor-element-fa7813b e-flex e-con-boxed e-con e-parent\" data-id=\"fa7813b\" data-element_type=\"container\" data-e-type=\"container\">\n\t\t\t\t\t<div class=\"e-con-inner\">\n\t\t<div class=\"elementor-element elementor-element-e56810b e-con-full e-flex e-con e-child\" data-id=\"e56810b\" data-element_type=\"container\" data-e-type=\"container\">\n\t\t\t\t<div class=\"elementor-element elementor-element-4875e80 elementor-widget elementor-widget-heading\" data-id=\"4875e80\" data-element_type=\"widget\" data-e-type=\"widget\" data-widget_type=\"heading.default\">\n\t\t\t\t<div class=\"elementor-widget-container\">\n\t\t\t\t\t<h2 class=\"elementor-heading-title elementor-size-default\">Sistemas Energ\u00e9ticos y Estrategia<\/h2>\t\t\t\t<\/div>\n\t\t\t\t<\/div>\n\t\t\t\t<\/div>\n\t\t<div class=\"elementor-element elementor-element-f2ab440 e-con-full e-flex e-con e-child\" data-id=\"f2ab440\" data-element_type=\"container\" data-e-type=\"container\">\n\t\t\t\t<div class=\"elementor-element elementor-element-e2a9983 elementor-widget elementor-widget-heading\" data-id=\"e2a9983\" data-element_type=\"widget\" data-e-type=\"widget\" data-widget_type=\"heading.default\">\n\t\t\t\t<div class=\"elementor-widget-container\">\n\t\t\t\t\t<h2 class=\"elementor-heading-title elementor-size-default\">Geopol\u00edtica y Poder<\/h2>\t\t\t\t<\/div>\n\t\t\t\t<\/div>\n\t\t\t\t<\/div>\n\t\t<div class=\"elementor-element elementor-element-56850d9 e-con-full e-flex e-con e-child\" data-id=\"56850d9\" data-element_type=\"container\" data-e-type=\"container\">\n\t\t\t\t<div class=\"elementor-element elementor-element-13b7da7 elementor-widget elementor-widget-heading\" data-id=\"13b7da7\" data-element_type=\"widget\" data-e-type=\"widget\" data-widget_type=\"heading.default\">\n\t\t\t\t<div class=\"elementor-widget-container\">\n\t\t\t\t\t<h2 class=\"elementor-heading-title elementor-size-default\">Clima y Sostenibilidad<\/h2>\t\t\t\t<\/div>\n\t\t\t\t<\/div>\n\t\t\t\t<\/div>\n\t\t<div class=\"elementor-element elementor-element-9b707a7 e-con-full e-flex e-con e-child\" data-id=\"9b707a7\" data-element_type=\"container\" data-e-type=\"container\">\n\t\t\t\t<div class=\"elementor-element elementor-element-1981a86 elementor-widget elementor-widget-heading\" data-id=\"1981a86\" data-element_type=\"widget\" data-e-type=\"widget\" data-widget_type=\"heading.default\">\n\t\t\t\t<div class=\"elementor-widget-container\">\n\t\t\t\t\t<h2 class=\"elementor-heading-title elementor-size-default\">Escuela de Finanzas, Estrategia y Toma de Decisiones<\/h2>\t\t\t\t<\/div>\n\t\t\t\t<\/div>\n\t\t\t\t<\/div>\n\t\t\t\t\t<\/div>\n\t\t\t\t<\/div>\n\t\t<div class=\"elementor-element elementor-element-50add1a e-flex e-con-boxed e-con e-parent\" data-id=\"50add1a\" data-element_type=\"container\" data-e-type=\"container\">\n\t\t\t\t\t<div class=\"e-con-inner\">\n\t\t<div class=\"elementor-element elementor-element-6a2ebb4 e-con-full e-flex e-con e-child\" data-id=\"6a2ebb4\" data-element_type=\"container\" data-e-type=\"container\">\n\t\t\t\t<div class=\"elementor-element elementor-element-e09f24f elementor-widget elementor-widget-text-editor\" data-id=\"e09f24f\" data-element_type=\"widget\" data-e-type=\"widget\" data-widget_type=\"text-editor.default\">\n\t\t\t\t<div class=\"elementor-widget-container\">\n\t\t\t\t\t\t\t\t\t<p>Planeaci\u00f3n energ\u00e9tica de largo plazo, riesgos a nivel de sistemas y marcos estrat\u00e9gicos de toma de decisiones.<br \/>.<\/p>\t\t\t\t\t\t\t\t<\/div>\n\t\t\t\t<\/div>\n\t\t\t\t<\/div>\n\t\t<div class=\"elementor-element elementor-element-c2f0f28 e-con-full e-flex e-con e-child\" data-id=\"c2f0f28\" data-element_type=\"container\" data-e-type=\"container\">\n\t\t\t\t<div class=\"elementor-element elementor-element-1c8ad42 elementor-widget elementor-widget-text-editor\" data-id=\"1c8ad42\" data-element_type=\"widget\" data-e-type=\"widget\" data-widget_type=\"text-editor.default\">\n\t\t\t\t<div class=\"elementor-widget-container\">\n\t\t\t\t\t\t\t\t\t<p>Seguridad energ\u00e9tica y riesgo geopol\u00edtico,<br \/>y din\u00e1micas de poder global.<\/p>\t\t\t\t\t\t\t\t<\/div>\n\t\t\t\t<\/div>\n\t\t\t\t<\/div>\n\t\t<div class=\"elementor-element elementor-element-ea27ebe e-con-full e-flex e-con e-child\" data-id=\"ea27ebe\" data-element_type=\"container\" data-e-type=\"container\">\n\t\t\t\t<div class=\"elementor-element elementor-element-6298e90 elementor-widget elementor-widget-text-editor\" data-id=\"6298e90\" data-element_type=\"widget\" data-e-type=\"widget\" data-widget_type=\"text-editor.default\">\n\t\t\t\t<div class=\"elementor-widget-container\">\n\t\t\t\t\t\t\t\t\t<p>Estrategia clim\u00e1tica m\u00e1s all\u00e1 de las narrativas,<br \/>econom\u00eda de la sostenibilidad y la regulaci\u00f3n.<\/p>\t\t\t\t\t\t\t\t<\/div>\n\t\t\t\t<\/div>\n\t\t\t\t<\/div>\n\t\t<div class=\"elementor-element elementor-element-fc75a4a e-con-full e-flex e-con e-child\" data-id=\"fc75a4a\" data-element_type=\"container\" data-e-type=\"container\">\n\t\t\t\t<div class=\"elementor-element elementor-element-9c227d3 elementor-widget elementor-widget-text-editor\" data-id=\"9c227d3\" data-element_type=\"widget\" data-e-type=\"widget\" data-widget_type=\"text-editor.default\">\n\t\t\t\t<div class=\"elementor-widget-container\">\n\t\t\t\t\t\t\t\t\t<p>Capital allocation, risk, and financial<br \/>en la toma de decisiones en sistemas energ\u00e9ticos.<\/p>\t\t\t\t\t\t\t\t<\/div>\n\t\t\t\t<\/div>\n\t\t\t\t<\/div>\n\t\t\t\t\t<\/div>\n\t\t\t\t<\/div>\n\t\t<div class=\"elementor-element elementor-element-7592798 e-flex e-con-boxed e-con e-parent\" data-id=\"7592798\" data-element_type=\"container\" data-e-type=\"container\">\n\t\t\t\t\t<div class=\"e-con-inner\">\n\t\t\t\t<div class=\"elementor-element elementor-element-6f60a5b elementor-widget elementor-widget-heading\" data-id=\"6f60a5b\" data-element_type=\"widget\" data-e-type=\"widget\" data-widget_type=\"heading.default\">\n\t\t\t\t<div class=\"elementor-widget-container\">\n\t\t\t\t\t<h2 class=\"elementor-heading-title elementor-size-default\">\u00daltimos an\u00e1lisis<span style=\"font-size: 2rem\"><\/span><\/h2>\t\t\t\t<\/div>\n\t\t\t\t<\/div>\n\t\t\t\t\t<\/div>\n\t\t\t\t<\/div>\n\t\t<div class=\"elementor-element elementor-element-625dc0c e-flex e-con-boxed e-con e-parent\" data-id=\"625dc0c\" data-element_type=\"container\" data-e-type=\"container\">\n\t\t\t\t\t<div class=\"e-con-inner\">\n\t\t\t\t<div class=\"elementor-element elementor-element-01148a0 elementor-grid-2 elementor-grid-tablet-2 elementor-grid-mobile-1 elementor-posts--thumbnail-top elementor-posts--show-avatar elementor-card-shadow-yes elementor-posts__hover-gradient elementor-widget elementor-widget-posts\" data-id=\"01148a0\" data-element_type=\"widget\" data-e-type=\"widget\" data-settings=\"{&quot;cards_columns&quot;:&quot;2&quot;,&quot;cards_columns_tablet&quot;:&quot;2&quot;,&quot;cards_columns_mobile&quot;:&quot;1&quot;,&quot;cards_row_gap&quot;:{&quot;unit&quot;:&quot;px&quot;,&quot;size&quot;:35,&quot;sizes&quot;:[]},&quot;cards_row_gap_tablet&quot;:{&quot;unit&quot;:&quot;px&quot;,&quot;size&quot;:&quot;&quot;,&quot;sizes&quot;:[]},&quot;cards_row_gap_mobile&quot;:{&quot;unit&quot;:&quot;px&quot;,&quot;size&quot;:&quot;&quot;,&quot;sizes&quot;:[]}}\" data-widget_type=\"posts.cards\">\n\t\t\t\t<div class=\"elementor-widget-container\">\n\t\t\t\t\t\t\t<div class=\"elementor-posts-container elementor-posts elementor-posts--skin-cards elementor-grid\">\n\t\t\t\t<article class=\"elementor-post elementor-grid-item post-1899 post type-post status-publish format-standard hentry category-energy-finance\">\n\t\t\t<div class=\"elementor-post__card\">\n\t\t\t\t<div class=\"elementor-post__text\">\n\t\t\t\t<h3 class=\"elementor-post__title\">\n\t\t\t<a href=\"https:\/\/danielpachecorojas.com\/es\/why-capital-misallocation-is-the-real-energy-crisis\/\" >\n\t\t\t\tPor qu\u00e9 la mala asignaci\u00f3n de capital es la verdadera crisis energ\u00e9tica\t\t\t<\/a>\n\t\t<\/h3>\n\t\t\t\t<div class=\"elementor-post__excerpt\">\n\t\t\t<p>El sector energ\u00e9tico no sufre por falta de capital. Sufre por mala asignaci\u00f3n de capital. Los subsidios, incentivos y narrativas financieras a menudo dirigen la inversi\u00f3n hacia<\/p>\n\t\t<\/div>\n\t\t\n\t\t<a class=\"elementor-post__read-more\" href=\"https:\/\/danielpachecorojas.com\/es\/why-capital-misallocation-is-the-real-energy-crisis\/\" aria-label=\"Read more about Why Capital Misallocation Is the Real Energy Crisis\" tabindex=\"-1\" >\n\t\t\tRead More \u00bb\t\t<\/a>\n\n\t\t\t\t<\/div>\n\t\t\t\t<div class=\"elementor-post__meta-data\">\n\t\t\t\t\t<span class=\"elementor-post-date\">\n\t\t\t2026-02-04\t\t<\/span>\n\t\t\t\t<span class=\"elementor-post-avatar\">\n\t\t\tNo hay comentarios\t\t<\/span>\n\t\t\t\t<\/div>\n\t\t\t\t\t<\/div>\n\t\t<\/article>\n\t\t\t\t<article class=\"elementor-post elementor-grid-item post-1897 post type-post status-publish format-standard hentry category-climate-sustainability\">\n\t\t\t<div class=\"elementor-post__card\">\n\t\t\t\t<div class=\"elementor-post__text\">\n\t\t\t\t<h3 class=\"elementor-post__title\">\n\t\t\t<a href=\"https:\/\/danielpachecorojas.com\/es\/climate-strategy-fails-when-it-becomes-a-moral-narrative\/\" >\n\t\t\t\tLa estrategia clim\u00e1tica fracasa cuando se convierte en una narrativa moral\t\t\t<\/a>\n\t\t<\/h3>\n\t\t\t\t<div class=\"elementor-post__excerpt\">\n\t\t\t<p>La acci\u00f3n clim\u00e1tica se enmarca cada vez m\u00e1s como un imperativo moral. Si bien los valores importan, las narrativas morales por s\u00ed solas son insuficientes para dise\u00f1ar estrategias clim\u00e1ticas efectivas. Cuando la pol\u00edtica clim\u00e1tica<\/p>\n\t\t<\/div>\n\t\t\n\t\t<a class=\"elementor-post__read-more\" href=\"https:\/\/danielpachecorojas.com\/es\/climate-strategy-fails-when-it-becomes-a-moral-narrative\/\" aria-label=\"Read more about Climate Strategy Fails When It Becomes a Moral Narrative\" tabindex=\"-1\" >\n\t\t\tRead More \u00bb\t\t<\/a>\n\n\t\t\t\t<\/div>\n\t\t\t\t<div class=\"elementor-post__meta-data\">\n\t\t\t\t\t<span class=\"elementor-post-date\">\n\t\t\t2026-02-04\t\t<\/span>\n\t\t\t\t<span class=\"elementor-post-avatar\">\n\t\t\tNo hay comentarios\t\t<\/span>\n\t\t\t\t<\/div>\n\t\t\t\t\t<\/div>\n\t\t<\/article>\n\t\t\t\t<article class=\"elementor-post elementor-grid-item post-1895 post type-post status-publish format-standard hentry category-geopolitics-power\">\n\t\t\t<div class=\"elementor-post__card\">\n\t\t\t\t<div class=\"elementor-post__text\">\n\t\t\t\t<h3 class=\"elementor-post__title\">\n\t\t\t<a href=\"https:\/\/danielpachecorojas.com\/es\/energy-is-no-longer-a-market-its-a-power-instrument\/\" >\n\t\t\t\tLa energ\u00eda ya no es un mercado: es un instrumento de poder\t\t\t<\/a>\n\t\t<\/h3>\n\t\t\t\t<div class=\"elementor-post__excerpt\">\n\t\t\t<p>La energ\u00eda se trata cada vez m\u00e1s como una mercanc\u00eda gobernada por se\u00f1ales de mercado. Esta visi\u00f3n est\u00e1 desfasada. Hoy, la energ\u00eda funciona principalmente como un instrumento geopol\u00edtico. Las cadenas de suministro,<\/p>\n\t\t<\/div>\n\t\t\n\t\t<a class=\"elementor-post__read-more\" href=\"https:\/\/danielpachecorojas.com\/es\/energy-is-no-longer-a-market-its-a-power-instrument\/\" aria-label=\"Read more about Energy Is No Longer a Market \u2014 It\u2019s a Power Instrument\" tabindex=\"-1\" >\n\t\t\tRead More \u00bb\t\t<\/a>\n\n\t\t\t\t<\/div>\n\t\t\t\t<div class=\"elementor-post__meta-data\">\n\t\t\t\t\t<span class=\"elementor-post-date\">\n\t\t\t2026-02-04\t\t<\/span>\n\t\t\t\t<span class=\"elementor-post-avatar\">\n\t\t\tNo hay comentarios\t\t<\/span>\n\t\t\t\t<\/div>\n\t\t\t\t\t<\/div>\n\t\t<\/article>\n\t\t\t\t<article class=\"elementor-post elementor-grid-item post-1893 post type-post status-publish format-standard hentry category-energy-strategy\">\n\t\t\t<div class=\"elementor-post__card\">\n\t\t\t\t<div class=\"elementor-post__text\">\n\t\t\t\t<h3 class=\"elementor-post__title\">\n\t\t\t<a href=\"https:\/\/danielpachecorojas.com\/es\/why-energy-transitions-fail-without-strategic-governance\/\" >\n\t\t\t\tPor qu\u00e9 las transiciones energ\u00e9ticas fracasan sin gobernanza estrat\u00e9gica\t\t\t<\/a>\n\t\t<\/h3>\n\t\t\t\t<div class=\"elementor-post__excerpt\">\n\t\t\t<p>Las transiciones energ\u00e9ticas a menudo se presentan como desaf\u00edos tecnol\u00f3gicos o financieros. En la pr\u00e1ctica, fracasan por una raz\u00f3n m\u00e1s simple y estructural: la ausencia de gobernanza estrat\u00e9gica<\/p>\n\t\t<\/div>\n\t\t\n\t\t<a class=\"elementor-post__read-more\" href=\"https:\/\/danielpachecorojas.com\/es\/why-energy-transitions-fail-without-strategic-governance\/\" aria-label=\"Read more about Why Energy Transitions Fail Without Strategic Governance\" tabindex=\"-1\" >\n\t\t\tRead More \u00bb\t\t<\/a>\n\n\t\t\t\t<\/div>\n\t\t\t\t<div class=\"elementor-post__meta-data\">\n\t\t\t\t\t<span class=\"elementor-post-date\">\n\t\t\t2026-02-04\t\t<\/span>\n\t\t\t\t<span class=\"elementor-post-avatar\">\n\t\t\tNo hay comentarios\t\t<\/span>\n\t\t\t\t<\/div>\n\t\t\t\t\t<\/div>\n\t\t<\/article>\n\t\t\t\t<\/div>\n\t\t\n\t\t\t\t\t\t<\/div>\n\t\t\t\t<\/div>\n\t\t\t\t\t<\/div>\n\t\t\t\t<\/div>\n\t\t<div class=\"elementor-element elementor-element-c8b49cd e-flex e-con-boxed e-con e-parent\" data-id=\"c8b49cd\" data-element_type=\"container\" data-e-type=\"container\">\n\t\t\t\t\t<div class=\"e-con-inner\">\n\t\t\t\t<div class=\"elementor-element elementor-element-e48365a elementor-widget elementor-widget-text-editor\" data-id=\"e48365a\" data-element_type=\"widget\" data-e-type=\"widget\" data-widget_type=\"text-editor.default\">\n\t\t\t\t<div class=\"elementor-widget-container\">\n\t\t\t\t\t\t\t\t\t<p>An\u00e1lisis seleccionados y perspectivas estrat\u00e9gicas desarrolladas a partir de trabajo de asesor\u00eda, investigaci\u00f3n y an\u00e1lisis independiente.<\/p>\t\t\t\t\t\t\t\t<\/div>\n\t\t\t\t<\/div>\n\t\t\t\t\t<\/div>\n\t\t\t\t<\/div>\n\t\t<div class=\"elementor-element elementor-element-8894b3f e-flex e-con-boxed e-con e-parent\" data-id=\"8894b3f\" data-element_type=\"container\" data-e-type=\"container\">\n\t\t\t\t\t<div class=\"e-con-inner\">\n\t\t\t\t<div class=\"elementor-element elementor-element-7341531 elementor-widget elementor-widget-text-editor\" data-id=\"7341531\" data-element_type=\"widget\" data-e-type=\"widget\" data-widget_type=\"text-editor.default\">\n\t\t\t\t<div class=\"elementor-widget-container\">\n\t\t\t\t\t\t\t\t\t<p>Para un an\u00e1lisis m\u00e1s profundo, asesor\u00eda ejecutiva,<br \/>o programas de formaci\u00f3n privada,<br \/>explora el Instituto o solicita una consulta.<\/p>\t\t\t\t\t\t\t\t<\/div>\n\t\t\t\t<\/div>\n\t\t\t\t\t<\/div>\n\t\t\t\t<\/div>\n\t\t<div class=\"elementor-element elementor-element-f07c7de e-flex e-con-boxed e-con e-parent\" data-id=\"f07c7de\" data-element_type=\"container\" data-e-type=\"container\">\n\t\t\t\t\t<div class=\"e-con-inner\">\n\t\t<div class=\"elementor-element elementor-element-6126aee e-con-full e-flex e-con e-child\" data-id=\"6126aee\" data-element_type=\"container\" data-e-type=\"container\">\n\t\t\t\t<div class=\"elementor-element elementor-element-dfb6c16 elementor-align-center elementor-widget elementor-widget-button\" data-id=\"dfb6c16\" data-element_type=\"widget\" data-e-type=\"widget\" data-widget_type=\"button.default\">\n\t\t\t\t<div class=\"elementor-widget-container\">\n\t\t\t\t\t\t\t\t\t<div class=\"elementor-button-wrapper\">\n\t\t\t\t\t<a class=\"elementor-button elementor-button-link elementor-size-sm\" href=\"https:\/\/danielpachecorojas.com\/es\/dpr-academy\/academic-programs\/\">\n\t\t\t\t\t\t<span class=\"elementor-button-content-wrapper\">\n\t\t\t\t\t\t\t\t\t<span class=\"elementor-button-text\">Explorar el Instituto<\/span>\n\t\t\t\t\t<\/span>\n\t\t\t\t\t<\/a>\n\t\t\t\t<\/div>\n\t\t\t\t\t\t\t\t<\/div>\n\t\t\t\t<\/div>\n\t\t\t\t<\/div>\n\t\t<div class=\"elementor-element elementor-element-467decd e-con-full e-flex e-con e-child\" data-id=\"467decd\" data-element_type=\"container\" data-e-type=\"container\">\n\t\t\t\t<div class=\"elementor-element elementor-element-b22b292 elementor-align-center elementor-widget elementor-widget-button\" data-id=\"b22b292\" data-element_type=\"widget\" data-e-type=\"widget\" data-widget_type=\"button.default\">\n\t\t\t\t<div class=\"elementor-widget-container\">\n\t\t\t\t\t\t\t\t\t<div class=\"elementor-button-wrapper\">\n\t\t\t\t\t<a class=\"elementor-button elementor-button-link elementor-size-sm\" href=\"mailto:info@danielpachecorojas.com?subject=Strategic%20Consulting%20Request\">\n\t\t\t\t\t\t<span class=\"elementor-button-content-wrapper\">\n\t\t\t\t\t\t\t\t\t<span class=\"elementor-button-text\">Solicitar Asesor\u00eda Estrat\u00e9gica<\/span>\n\t\t\t\t\t<\/span>\n\t\t\t\t\t<\/a>\n\t\t\t\t<\/div>\n\t\t\t\t\t\t\t\t<\/div>\n\t\t\t\t<\/div>\n\t\t\t\t<\/div>\n\t\t\t\t\t<\/div>\n\t\t\t\t<\/div>\n\t\t\t\t<\/div>","protected":false},"excerpt":{"rendered":"<p>Strategic Insights on Energy, Power, and Decision-Making Independent analysis at the intersection of energy systems, geopolitics, finance, and institutional strategy. This section contains selected insights developed from research, advisory work, and systems-level analysis. The objective is not to comment on the news, but to clarify complex dynamics and strategic implicationsfor decision-makers. Energy Systems &amp; Strategy [&hellip;]<\/p>","protected":false},"author":1,"featured_media":0,"parent":0,"menu_order":0,"comment_status":"closed","ping_status":"closed","template":"elementor_header_footer","meta":{"footnotes":""},"class_list":["post-1669","page","type-page","status-publish","hentry"],"aioseo_notices":[],"_links":{"self":[{"href":"https:\/\/danielpachecorojas.com\/es\/wp-json\/wp\/v2\/pages\/1669","targetHints":{"allow":["GET"]}}],"collection":[{"href":"https:\/\/danielpachecorojas.com\/es\/wp-json\/wp\/v2\/pages"}],"about":[{"href":"https:\/\/danielpachecorojas.com\/es\/wp-json\/wp\/v2\/types\/page"}],"author":[{"embeddable":true,"href":"https:\/\/danielpachecorojas.com\/es\/wp-json\/wp\/v2\/users\/1"}],"replies":[{"embeddable":true,"href":"https:\/\/danielpachecorojas.com\/es\/wp-json\/wp\/v2\/comments?post=1669"}],"version-history":[{"count":34,"href":"https:\/\/danielpachecorojas.com\/es\/wp-json\/wp\/v2\/pages\/1669\/revisions"}],"predecessor-version":[{"id":2196,"href":"https:\/\/danielpachecorojas.com\/es\/wp-json\/wp\/v2\/pages\/1669\/revisions\/2196"}],"wp:attachment":[{"href":"https:\/\/danielpachecorojas.com\/es\/wp-json\/wp\/v2\/media?parent=1669"}],"curies":[{"name":"wp","href":"https:\/\/api.w.org\/{rel}","templated":true}]}}