{"id":1498,"date":"2025-05-15T18:24:21","date_gmt":"2025-05-16T00:24:21","guid":{"rendered":"https:\/\/danielpachecorojas.com\/?page_id=1498"},"modified":"2026-02-11T13:49:59","modified_gmt":"2026-02-11T19:49:59","slug":"solutions","status":"publish","type":"page","link":"https:\/\/danielpachecorojas.com\/es\/solutions\/","title":{"rendered":"Asesor\u00eda"},"content":{"rendered":"<div data-elementor-type=\"wp-page\" data-elementor-id=\"1498\" class=\"elementor elementor-1498\" data-elementor-post-type=\"page\">\n\t\t\t\t<div class=\"elementor-element elementor-element-d6854a9 e-flex e-con-boxed e-con e-parent\" data-id=\"d6854a9\" data-element_type=\"container\" data-e-type=\"container\" data-settings=\"{&quot;background_background&quot;:&quot;classic&quot;}\">\n\t\t\t\t\t<div class=\"e-con-inner\">\n\t\t\t\t<div class=\"elementor-element elementor-element-1af5ed7 elementor-widget elementor-widget-heading\" data-id=\"1af5ed7\" data-element_type=\"widget\" data-e-type=\"widget\" data-widget_type=\"heading.default\">\n\t\t\t\t<div class=\"elementor-widget-container\">\n\t\t\t\t\t<h1 class=\"elementor-heading-title elementor-size-default\">Diagn\u00f3stico Estrat\u00e9gico\n<\/h1>\t\t\t\t<\/div>\n\t\t\t\t<\/div>\n\t\t\t\t\t<\/div>\n\t\t\t\t<\/div>\n\t\t<div class=\"elementor-element elementor-element-e439ecb e-flex e-con-boxed e-con e-parent\" data-id=\"e439ecb\" data-element_type=\"container\" data-e-type=\"container\">\n\t\t\t\t\t<div class=\"e-con-inner\">\n\t\t\t\t<div class=\"elementor-element elementor-element-031f4b5 elementor-widget elementor-widget-heading\" data-id=\"031f4b5\" data-element_type=\"widget\" data-e-type=\"widget\" data-widget_type=\"heading.default\">\n\t\t\t\t<div class=\"elementor-widget-container\">\n\t\t\t\t\t<h3 class=\"elementor-heading-title elementor-size-default\">Evaluaci\u00f3n de Decisiones de Alto Impacto<\/h3>\t\t\t\t<\/div>\n\t\t\t\t<\/div>\n\t\t\t\t\t<\/div>\n\t\t\t\t<\/div>\n\t\t<div class=\"elementor-element elementor-element-d9b1e03 e-flex e-con-boxed e-con e-parent\" data-id=\"d9b1e03\" data-element_type=\"container\" data-e-type=\"container\">\n\t\t\t\t\t<div class=\"e-con-inner\">\n\t\t\t\t<div class=\"elementor-element elementor-element-9bf99c9 elementor-widget elementor-widget-heading\" data-id=\"9bf99c9\" data-element_type=\"widget\" data-e-type=\"widget\" data-widget_type=\"heading.default\">\n\t\t\t\t<div class=\"elementor-widget-container\">\n\t\t\t\t\t<h5 class=\"elementor-heading-title elementor-size-default\">Cuando las decisiones involucran millones y consecuencias irreversibles, la intuici\u00f3n no es suficiente.<\/h5>\t\t\t\t<\/div>\n\t\t\t\t<\/div>\n\t\t\t\t<div class=\"elementor-element elementor-element-8df9b4c elementor-align-center elementor-widget__width-inherit elementor-widget elementor-widget-button\" data-id=\"8df9b4c\" data-element_type=\"widget\" data-e-type=\"widget\" data-widget_type=\"button.default\">\n\t\t\t\t<div class=\"elementor-widget-container\">\n\t\t\t\t\t\t\t\t\t<div class=\"elementor-button-wrapper\">\n\t\t\t\t\t<a class=\"elementor-button elementor-button-link elementor-size-sm\" href=\"mailto:info@danielpachecorojas.com?subject=Consulting%20Request\">\n\t\t\t\t\t\t<span class=\"elementor-button-content-wrapper\">\n\t\t\t\t\t\t\t\t\t<span class=\"elementor-button-text\"> Agendar Diagn\u00f3stico Estrat\u00e9gico<\/span>\n\t\t\t\t\t<\/span>\n\t\t\t\t\t<\/a>\n\t\t\t\t<\/div>\n\t\t\t\t\t\t\t\t<\/div>\n\t\t\t\t<\/div>\n\t\t\t\t\t<\/div>\n\t\t\t\t<\/div>\n\t\t<div class=\"elementor-element elementor-element-d1e6ab0 e-flex e-con-boxed e-con e-parent\" data-id=\"d1e6ab0\" data-element_type=\"container\" data-e-type=\"container\" data-settings=\"{&quot;background_background&quot;:&quot;classic&quot;}\">\n\t\t\t\t\t<div class=\"e-con-inner\">\n\t\t\t\t<div class=\"elementor-element elementor-element-e6f6848 elementor-widget elementor-widget-heading\" data-id=\"e6f6848\" data-element_type=\"widget\" data-e-type=\"widget\" data-widget_type=\"heading.default\">\n\t\t\t\t<div class=\"elementor-widget-container\">\n\t\t\t\t\t<h2 class=\"elementor-heading-title elementor-size-default\">Cuando las decisiones implican riesgo real<\/h2>\t\t\t\t<\/div>\n\t\t\t\t<\/div>\n\t\t\t\t\t<\/div>\n\t\t\t\t<\/div>\n\t\t<div class=\"elementor-element elementor-element-987ec13 e-flex e-con-boxed e-con e-parent\" data-id=\"987ec13\" data-element_type=\"container\" data-e-type=\"container\">\n\t\t\t\t\t<div class=\"e-con-inner\">\n\t\t\t\t<div class=\"elementor-element elementor-element-79d389b elementor-widget elementor-widget-text-editor\" data-id=\"79d389b\" data-element_type=\"widget\" data-e-type=\"widget\" data-widget_type=\"text-editor.default\">\n\t\t\t\t<div class=\"elementor-widget-container\">\n\t\t\t\t\t\t\t\t\t<ul><li data-start=\"1338\" data-end=\"1364\"><h5 data-start=\"1340\" data-end=\"1364\">Incertidumbre regulatoria<\/h5><\/li><li data-start=\"1365\" data-end=\"1398\"><h5 data-start=\"1367\" data-end=\"1398\">Inversiones intensivas en capital<\/h5><\/li><li data-start=\"1399\" data-end=\"1431\"><h5 data-start=\"1401\" data-end=\"1431\">Complejidad de la transici\u00f3n energ\u00e9tica<\/h5><\/li><li data-start=\"1432\" data-end=\"1479\"><h5 data-start=\"1434\" data-end=\"1479\">Decisiones estrat\u00e9gicas que no se pueden revertir<\/h5><\/li><\/ul>\t\t\t\t\t\t\t\t<\/div>\n\t\t\t\t<\/div>\n\t\t\t\t\t<\/div>\n\t\t\t\t<\/div>\n\t\t<div class=\"elementor-element elementor-element-70184b9 e-flex e-con-boxed e-con e-parent\" data-id=\"70184b9\" data-element_type=\"container\" data-e-type=\"container\">\n\t\t\t\t\t<div class=\"e-con-inner\">\n\t\t<div class=\"elementor-element elementor-element-3580108 e-con-full e-flex e-con e-child\" data-id=\"3580108\" data-element_type=\"container\" data-e-type=\"container\">\n\t\t\t\t<div class=\"elementor-element elementor-element-839f0ac elementor-widget elementor-widget-heading\" data-id=\"839f0ac\" data-element_type=\"widget\" data-e-type=\"widget\" data-widget_type=\"heading.default\">\n\t\t\t\t<div class=\"elementor-widget-container\">\n\t\t\t\t\t<h2 class=\"elementor-heading-title elementor-size-default\">\u00bfQu\u00e9 es?<\/h2>\t\t\t\t<\/div>\n\t\t\t\t<\/div>\n\t\t\t\t<\/div>\n\t\t<div class=\"elementor-element elementor-element-f6aa5f9 e-con-full e-flex e-con e-child\" data-id=\"f6aa5f9\" data-element_type=\"container\" data-e-type=\"container\">\n\t\t\t\t<div class=\"elementor-element elementor-element-cd0e1be elementor-widget elementor-widget-heading\" data-id=\"cd0e1be\" data-element_type=\"widget\" data-e-type=\"widget\" data-widget_type=\"heading.default\">\n\t\t\t\t<div class=\"elementor-widget-container\">\n\t\t\t\t\t<h2 class=\"elementor-heading-title elementor-size-default\">\u00bfQu\u00e9 no es?<\/h2>\t\t\t\t<\/div>\n\t\t\t\t<\/div>\n\t\t\t\t<\/div>\n\t\t\t\t\t<\/div>\n\t\t\t\t<\/div>\n\t\t<div class=\"elementor-element elementor-element-596afdb e-flex e-con-boxed e-con e-parent\" data-id=\"596afdb\" data-element_type=\"container\" data-e-type=\"container\">\n\t\t\t\t\t<div class=\"e-con-inner\">\n\t\t<div class=\"elementor-element elementor-element-391ba52 e-con-full e-flex e-con e-child\" data-id=\"391ba52\" data-element_type=\"container\" data-e-type=\"container\">\n\t\t\t\t<div class=\"elementor-element elementor-element-c8fe6d4 elementor-widget elementor-widget-text-editor\" data-id=\"c8fe6d4\" data-element_type=\"widget\" data-e-type=\"widget\" data-widget_type=\"text-editor.default\">\n\t\t\t\t<div class=\"elementor-widget-container\">\n\t\t\t\t\t\t\t\t\t<ul><li data-start=\"1659\" data-end=\"1710\"><h5 data-start=\"1661\" data-end=\"1710\">Un diagn\u00f3stico estrat\u00e9gico de nivel ejecutivo<\/h5><\/li><li data-start=\"1711\" data-end=\"1759\"><h5 data-start=\"1713\" data-end=\"1759\">Un an\u00e1lisis de ciclo corto (\u224810 d\u00edas h\u00e1biles)<\/h5><\/li><li data-start=\"1760\" data-end=\"1792\"><h5 data-start=\"1762\" data-end=\"1792\">Un mapa para decidir, no un reporte t\u00e9cnico<\/h5><\/li><\/ul>\t\t\t\t\t\t\t\t<\/div>\n\t\t\t\t<\/div>\n\t\t\t\t<\/div>\n\t\t<div class=\"elementor-element elementor-element-d2c4be0 e-con-full e-flex e-con e-child\" data-id=\"d2c4be0\" data-element_type=\"container\" data-e-type=\"container\">\n\t\t\t\t<div class=\"elementor-element elementor-element-6a29ee3 elementor-widget elementor-widget-text-editor\" data-id=\"6a29ee3\" data-element_type=\"widget\" data-e-type=\"widget\" data-widget_type=\"text-editor.default\">\n\t\t\t\t<div class=\"elementor-widget-container\">\n\t\t\t\t\t\t\t\t\t<ul><li data-start=\"1833\" data-end=\"1861\"><h6>Consultor\u00eda operativa<\/h6><\/li><li data-start=\"1862\" data-end=\"1885\"><h6>Ejecuci\u00f3n de proyectos<\/h6><\/li><li><h6>Servicios gen\u00e9ricos de asesor\u00eda<\/h6><\/li><\/ul>\t\t\t\t\t\t\t\t<\/div>\n\t\t\t\t<\/div>\n\t\t\t\t<\/div>\n\t\t\t\t\t<\/div>\n\t\t\t\t<\/div>\n\t\t<div class=\"elementor-element elementor-element-4542ded e-flex e-con-boxed e-con e-parent\" data-id=\"4542ded\" data-element_type=\"container\" data-e-type=\"container\">\n\t\t\t\t\t<div class=\"e-con-inner\">\n\t\t\t\t<div class=\"elementor-element elementor-element-c6217fb elementor-widget elementor-widget-heading\" data-id=\"c6217fb\" data-element_type=\"widget\" data-e-type=\"widget\" data-widget_type=\"heading.default\">\n\t\t\t\t<div class=\"elementor-widget-container\">\n\t\t\t\t\t<h2 class=\"elementor-heading-title elementor-size-default\">Qu\u00e9 recibe el cliente<\/h2>\t\t\t\t<\/div>\n\t\t\t\t<\/div>\n\t\t\t\t\t<\/div>\n\t\t\t\t<\/div>\n\t\t<div class=\"elementor-element elementor-element-8dbdc54 e-flex e-con-boxed e-con e-parent\" data-id=\"8dbdc54\" data-element_type=\"container\" data-e-type=\"container\">\n\t\t\t\t\t<div class=\"e-con-inner\">\n\t\t<div class=\"elementor-element elementor-element-80426a6 e-con-full e-flex e-con e-child\" data-id=\"80426a6\" data-element_type=\"container\" data-e-type=\"container\">\n\t\t\t\t<\/div>\n\t\t<div class=\"elementor-element elementor-element-c085926 e-con-full e-flex e-con e-child\" data-id=\"c085926\" data-element_type=\"container\" data-e-type=\"container\">\n\t\t\t\t<div class=\"elementor-element elementor-element-a58d564 elementor-widget elementor-widget-text-editor\" data-id=\"a58d564\" data-element_type=\"widget\" data-e-type=\"widget\" data-widget_type=\"text-editor.default\">\n\t\t\t\t<div class=\"elementor-widget-container\">\n\t\t\t\t\t\t\t\t\t<ul><li data-start=\"2124\" data-end=\"2171\"><h4 style=\"text-align: left;\" data-start=\"2126\" data-end=\"2171\">Documento ejecutivo de diagn\u00f3stico (20\u201330 p\u00e1ginas)<\/h4><\/li><li style=\"text-align: left;\" data-start=\"2172\" data-end=\"2209\"><h4 data-start=\"2174\" data-end=\"2209\">Mapa integrado de riesgos y oportunidades<\/h4><\/li><li style=\"text-align: left;\" data-start=\"2210\" data-end=\"2264\"><h4 data-start=\"2212\" data-end=\"2264\">An\u00e1lisis estrat\u00e9gico, regulatorio y macroecon\u00f3mico<\/h4><\/li><li style=\"text-align: left;\" data-start=\"2265\" data-end=\"2308\"><h4 data-start=\"2267\" data-end=\"2308\">3\u20135 decisiones prioritarias<\/h4><\/li><li data-start=\"2309\" data-end=\"2344\"><h4 style=\"text-align: left;\" data-start=\"2311\" data-end=\"2344\">Una llamada ejecutiva confidencial<\/h4><\/li><\/ul>\t\t\t\t\t\t\t\t<\/div>\n\t\t\t\t<\/div>\n\t\t\t\t<\/div>\n\t\t<div class=\"elementor-element elementor-element-5e3523c e-con-full e-flex e-con e-child\" data-id=\"5e3523c\" data-element_type=\"container\" data-e-type=\"container\">\n\t\t\t\t<\/div>\n\t\t\t\t\t<\/div>\n\t\t\t\t<\/div>\n\t\t<div class=\"elementor-element elementor-element-aa4b18d e-flex e-con-boxed e-con e-parent\" data-id=\"aa4b18d\" data-element_type=\"container\" data-e-type=\"container\">\n\t\t\t\t\t<div class=\"e-con-inner\">\n\t\t\t\t<div class=\"elementor-element elementor-element-e26451b elementor-widget elementor-widget-text-editor\" data-id=\"e26451b\" data-element_type=\"widget\" data-e-type=\"widget\" data-widget_type=\"text-editor.default\">\n\t\t\t\t<div class=\"elementor-widget-container\">\n\t\t\t\t\t\t\t\t\t<h4>Resultado<\/h4><p>\u00a0<\/p><h5>Claridad antes de comprometer capital.<br data-start=\"2538\" data-end=\"2541\" \/>Criterio accionable para decidir qu\u00e9 importa ahora y qu\u00e9 puede esperar.<\/h5>\t\t\t\t\t\t\t\t<\/div>\n\t\t\t\t<\/div>\n\t\t\t\t\t<\/div>\n\t\t\t\t<\/div>\n\t\t<div class=\"elementor-element elementor-element-d75c07e e-flex e-con-boxed e-con e-parent\" data-id=\"d75c07e\" data-element_type=\"container\" data-e-type=\"container\">\n\t\t\t\t\t<div class=\"e-con-inner\">\n\t\t<div class=\"elementor-element elementor-element-79bd151 e-con-full e-flex e-con e-child\" data-id=\"79bd151\" data-element_type=\"container\" data-e-type=\"container\">\n\t\t\t\t<div class=\"elementor-element elementor-element-af24d84 elementor-widget elementor-widget-heading\" data-id=\"af24d84\" data-element_type=\"widget\" data-e-type=\"widget\" data-widget_type=\"heading.default\">\n\t\t\t\t<div class=\"elementor-widget-container\">\n\t\t\t\t\t<h2 class=\"elementor-heading-title elementor-size-default\">\u00bfPara qui\u00e9n es?<\/h2>\t\t\t\t<\/div>\n\t\t\t\t<\/div>\n\t\t\t\t<\/div>\n\t\t<div class=\"elementor-element elementor-element-a499720 e-con-full e-flex e-con e-child\" data-id=\"a499720\" data-element_type=\"container\" data-e-type=\"container\">\n\t\t\t\t<div class=\"elementor-element elementor-element-aff1730 elementor-widget elementor-widget-heading\" data-id=\"aff1730\" data-element_type=\"widget\" data-e-type=\"widget\" data-widget_type=\"heading.default\">\n\t\t\t\t<div class=\"elementor-widget-container\">\n\t\t\t\t\t<h2 class=\"elementor-heading-title elementor-size-default\">\u00bfPara qui\u00e9n no es?<\/h2>\t\t\t\t<\/div>\n\t\t\t\t<\/div>\n\t\t\t\t<\/div>\n\t\t<div class=\"elementor-element elementor-element-b48e391 e-con-full e-flex e-con e-child\" data-id=\"b48e391\" data-element_type=\"container\" data-e-type=\"container\">\n\t\t\t\t<div class=\"elementor-element elementor-element-e9a8679 elementor-widget elementor-widget-text-editor\" data-id=\"e9a8679\" data-element_type=\"widget\" data-e-type=\"widget\" data-widget_type=\"text-editor.default\">\n\t\t\t\t<div class=\"elementor-widget-container\">\n\t\t\t\t\t\t\t\t\t<ul><li data-start=\"2916\" data-end=\"2950\"><h5 data-start=\"2918\" data-end=\"2950\">Directivos y tomadores de decisi\u00f3n<\/h5><\/li><li data-start=\"2951\" data-end=\"2974\"><h5 data-start=\"2953\" data-end=\"2974\">Fondos e inversionistas<\/h5><\/li><li data-start=\"2975\" data-end=\"3008\"><h5 data-start=\"2977\" data-end=\"3008\">L\u00edderes energ\u00e9ticos e industriales<\/h5><\/li><li data-start=\"3009\" data-end=\"3052\"><h5 data-start=\"3011\" data-end=\"3052\">Instituciones con decisiones cr\u00edticas<\/h5><\/li><\/ul>\t\t\t\t\t\t\t\t<\/div>\n\t\t\t\t<\/div>\n\t\t\t\t<\/div>\n\t\t<div class=\"elementor-element elementor-element-c9b7a37 e-con-full e-flex e-con e-child\" data-id=\"c9b7a37\" data-element_type=\"container\" data-e-type=\"container\">\n\t\t\t\t<div class=\"elementor-element elementor-element-3985d17 elementor-widget elementor-widget-text-editor\" data-id=\"3985d17\" data-element_type=\"widget\" data-e-type=\"widget\" data-widget_type=\"text-editor.default\">\n\t\t\t\t<div class=\"elementor-widget-container\">\n\t\t\t\t\t\t\t\t\t<ul><li data-start=\"2949\" data-end=\"2972\"><h6 data-start=\"2951\" data-end=\"2972\">Proyectos de bajo presupuesto<\/h6><\/li><li data-start=\"2973\" data-end=\"3003\"><h6 data-start=\"2975\" data-end=\"3003\">Ejecuci\u00f3n t\u00e1ctica<\/h6><\/li><li data-start=\"3004\" data-end=\"3032\"><h6 data-start=\"3006\" data-end=\"3032\">Consultor\u00eda gen\u00e9rica<\/h6><\/li><\/ul>\t\t\t\t\t\t\t\t<\/div>\n\t\t\t\t<\/div>\n\t\t\t\t<\/div>\n\t\t\t\t\t<\/div>\n\t\t\t\t<\/div>\n\t\t<div class=\"elementor-element elementor-element-56f3d44 e-flex e-con-boxed e-con e-parent\" data-id=\"56f3d44\" data-element_type=\"container\" data-e-type=\"container\">\n\t\t\t\t\t<div class=\"e-con-inner\">\n\t\t\t\t<div class=\"elementor-element elementor-element-815495e elementor-widget elementor-widget-heading\" data-id=\"815495e\" data-element_type=\"widget\" data-e-type=\"widget\" data-widget_type=\"heading.default\">\n\t\t\t\t<div class=\"elementor-widget-container\">\n\t\t\t\t\t<h2 class=\"elementor-heading-title elementor-size-default\">Si sus decisiones afectan a millones de personas, tenemos que hablar.<\/h2>\t\t\t\t<\/div>\n\t\t\t\t<\/div>\n\t\t\t\t\t<\/div>\n\t\t\t\t<\/div>\n\t\t<div class=\"elementor-element elementor-element-b5f2b82 e-flex e-con-boxed e-con e-parent\" data-id=\"b5f2b82\" data-element_type=\"container\" data-e-type=\"container\">\n\t\t\t\t\t<div class=\"e-con-inner\">\n\t\t\t\t<div class=\"elementor-element elementor-element-614987b elementor-align-center elementor-widget__width-inherit elementor-widget elementor-widget-button\" data-id=\"614987b\" data-element_type=\"widget\" data-e-type=\"widget\" data-widget_type=\"button.default\">\n\t\t\t\t<div class=\"elementor-widget-container\">\n\t\t\t\t\t\t\t\t\t<div class=\"elementor-button-wrapper\">\n\t\t\t\t\t<a class=\"elementor-button elementor-button-link elementor-size-sm\" href=\"mailto:info@danielpachecorojas.com?subject=Consulting%20Request\">\n\t\t\t\t\t\t<span class=\"elementor-button-content-wrapper\">\n\t\t\t\t\t\t\t\t\t<span class=\"elementor-button-text\"> Agendar Diagn\u00f3stico Estrat\u00e9gico<\/span>\n\t\t\t\t\t<\/span>\n\t\t\t\t\t<\/a>\n\t\t\t\t<\/div>\n\t\t\t\t\t\t\t\t<\/div>\n\t\t\t\t<\/div>\n\t\t\t\t\t<\/div>\n\t\t\t\t<\/div>\n\t\t\t\t<\/div>","protected":false},"excerpt":{"rendered":"<p>Strategic Diagnostic High-Impact Decision Assessment When decisions involve millions and irreversible consequences, intuition is not enough. Book Strategic Diagnostic When decisions carry real risk Regulatory uncertainty Capital-intensive investments Energy transition complexity Strategic decisions that cannot be reversed What this is What this is not A focused, executive-level strategic diagnostic A short-cycle assessment (\u224810 business days) [&hellip;]<\/p>","protected":false},"author":1,"featured_media":0,"parent":0,"menu_order":0,"comment_status":"closed","ping_status":"closed","template":"elementor_header_footer","meta":{"footnotes":""},"class_list":["post-1498","page","type-page","status-publish","hentry"],"aioseo_notices":[],"_links":{"self":[{"href":"https:\/\/danielpachecorojas.com\/es\/wp-json\/wp\/v2\/pages\/1498","targetHints":{"allow":["GET"]}}],"collection":[{"href":"https:\/\/danielpachecorojas.com\/es\/wp-json\/wp\/v2\/pages"}],"about":[{"href":"https:\/\/danielpachecorojas.com\/es\/wp-json\/wp\/v2\/types\/page"}],"author":[{"embeddable":true,"href":"https:\/\/danielpachecorojas.com\/es\/wp-json\/wp\/v2\/users\/1"}],"replies":[{"embeddable":true,"href":"https:\/\/danielpachecorojas.com\/es\/wp-json\/wp\/v2\/comments?post=1498"}],"version-history":[{"count":69,"href":"https:\/\/danielpachecorojas.com\/es\/wp-json\/wp\/v2\/pages\/1498\/revisions"}],"predecessor-version":[{"id":2223,"href":"https:\/\/danielpachecorojas.com\/es\/wp-json\/wp\/v2\/pages\/1498\/revisions\/2223"}],"wp:attachment":[{"href":"https:\/\/danielpachecorojas.com\/es\/wp-json\/wp\/v2\/media?parent=1498"}],"curies":[{"name":"wp","href":"https:\/\/api.w.org\/{rel}","templated":true}]}}