{"id":1476,"date":"2025-05-12T19:25:51","date_gmt":"2025-05-13T01:25:51","guid":{"rendered":"https:\/\/danielpachecorojas.com\/?page_id=1476"},"modified":"2026-02-10T13:26:14","modified_gmt":"2026-02-10T19:26:14","slug":"about-me","status":"publish","type":"page","link":"https:\/\/danielpachecorojas.com\/es\/about-me\/","title":{"rendered":"El Fundador"},"content":{"rendered":"<div data-elementor-type=\"wp-page\" data-elementor-id=\"1476\" class=\"elementor elementor-1476\" data-elementor-post-type=\"page\">\n\t\t\t\t<div class=\"elementor-element elementor-element-fd6cd96 e-flex e-con-boxed e-con e-parent\" data-id=\"fd6cd96\" data-element_type=\"container\" data-e-type=\"container\">\n\t\t\t\t\t<div class=\"e-con-inner\">\n\t\t\t\t<div class=\"elementor-element elementor-element-6a4b53b elementor-widget__width-initial elementor-widget elementor-widget-heading\" data-id=\"6a4b53b\" data-element_type=\"widget\" data-e-type=\"widget\" data-widget_type=\"heading.default\">\n\t\t\t\t<div class=\"elementor-widget-container\">\n\t\t\t\t\t<h1 class=\"elementor-heading-title elementor-size-default\">Daniel Pacheco Rojas<\/h1>\t\t\t\t<\/div>\n\t\t\t\t<\/div>\n\t\t\t\t\t<\/div>\n\t\t\t\t<\/div>\n\t\t<div class=\"elementor-element elementor-element-5b4f6e3 e-flex e-con-boxed e-con e-parent\" data-id=\"5b4f6e3\" data-element_type=\"container\" data-e-type=\"container\">\n\t\t\t\t\t<div class=\"e-con-inner\">\n\t\t\t\t<div class=\"elementor-element elementor-element-1201bff elementor-widget elementor-widget-heading\" data-id=\"1201bff\" data-element_type=\"widget\" data-e-type=\"widget\" data-widget_type=\"heading.default\">\n\t\t\t\t<div class=\"elementor-widget-container\">\n\t\t\t\t\t<h2 class=\"elementor-heading-title elementor-size-default\">Fundador y Director \u2014 Instituto de Energ\u00eda y Estrategia Global<\/h2>\t\t\t\t<\/div>\n\t\t\t\t<\/div>\n\t\t\t\t\t<\/div>\n\t\t\t\t<\/div>\n\t\t<div class=\"elementor-element elementor-element-b93ae77 e-flex e-con-boxed e-con e-parent\" data-id=\"b93ae77\" data-element_type=\"container\" data-e-type=\"container\">\n\t\t\t\t\t<div class=\"e-con-inner\">\n\t\t\t\t\t<\/div>\n\t\t\t\t<\/div>\n\t\t<div class=\"elementor-element elementor-element-2ad27ca e-flex e-con-boxed e-con e-parent\" data-id=\"2ad27ca\" data-element_type=\"container\" data-e-type=\"container\">\n\t\t\t\t\t<div class=\"e-con-inner\">\n\t\t\t\t<div class=\"elementor-element elementor-element-722a716 elementor-widget elementor-widget-text-editor\" data-id=\"722a716\" data-element_type=\"widget\" data-e-type=\"widget\" data-widget_type=\"text-editor.default\">\n\t\t\t\t<div class=\"elementor-widget-container\">\n\t\t\t\t\t\t\t\t\t<h6 style=\"text-align: center;\">Sistemas Energ\u00e9ticos \u00b7 Estrategia \u00b7 Geopol\u00edtica \u00b7 Toma de Decisiones<\/h6>\t\t\t\t\t\t\t\t<\/div>\n\t\t\t\t<\/div>\n\t\t\t\t\t<\/div>\n\t\t\t\t<\/div>\n\t\t<div class=\"elementor-element elementor-element-f532be3 e-flex e-con-boxed e-con e-parent\" data-id=\"f532be3\" data-element_type=\"container\" data-e-type=\"container\">\n\t\t\t\t\t<div class=\"e-con-inner\">\n\t\t<div class=\"elementor-element elementor-element-062efdf e-con-full e-flex e-con e-child\" data-id=\"062efdf\" data-element_type=\"container\" data-e-type=\"container\">\n\t\t\t\t<div class=\"elementor-element elementor-element-1e96be5 elementor-widget elementor-widget-image\" data-id=\"1e96be5\" data-element_type=\"widget\" data-e-type=\"widget\" data-widget_type=\"image.default\">\n\t\t\t\t<div class=\"elementor-widget-container\">\n\t\t\t\t\t\t\t\t\t\t\t\t\t\t\t<img fetchpriority=\"high\" decoding=\"async\" width=\"800\" height=\"800\" src=\"https:\/\/danielpachecorojas.com\/wp-content\/uploads\/Youtube-logo-2025.03.18.jpg\" class=\"attachment-large size-large wp-image-1405\" alt=\"\" srcset=\"https:\/\/danielpachecorojas.com\/wp-content\/uploads\/Youtube-logo-2025.03.18.jpg 800w, https:\/\/danielpachecorojas.com\/wp-content\/uploads\/Youtube-logo-2025.03.18-300x300.jpg 300w, https:\/\/danielpachecorojas.com\/wp-content\/uploads\/Youtube-logo-2025.03.18-150x150.jpg 150w, https:\/\/danielpachecorojas.com\/wp-content\/uploads\/Youtube-logo-2025.03.18-768x768.jpg 768w, https:\/\/danielpachecorojas.com\/wp-content\/uploads\/Youtube-logo-2025.03.18-12x12.jpg 12w\" sizes=\"(max-width: 800px) 100vw, 800px\" \/>\t\t\t\t\t\t\t\t\t\t\t\t\t\t\t<\/div>\n\t\t\t\t<\/div>\n\t\t\t\t<\/div>\n\t\t<div class=\"elementor-element elementor-element-a86ab2b e-con-full e-flex e-con e-child\" data-id=\"a86ab2b\" data-element_type=\"container\" data-e-type=\"container\">\n\t\t\t\t<div class=\"elementor-element elementor-element-f42253c elementor-widget elementor-widget-text-editor\" data-id=\"f42253c\" data-element_type=\"widget\" data-e-type=\"widget\" data-widget_type=\"text-editor.default\">\n\t\t\t\t<div class=\"elementor-widget-container\">\n\t\t\t\t\t\t\t\t\t<h5 data-start=\"1335\" data-end=\"1507\"><strong data-start=\"1335\" data-end=\"1507\">Daniel Pacheco Rojas es doctor en Ingenier\u00eda Energ\u00e9tica y asesor estrat\u00e9gico que opera en la intersecci\u00f3n de los sistemas energ\u00e9ticos, la geopol\u00edtica y la toma de decisiones de alto impacto.<\/strong><\/h5><h5 data-start=\"2172\" data-end=\"2330\">Su trabajo integra an\u00e1lisis t\u00e9cnico, razonamiento econ\u00f3mico y estrategia institucional para apoyar a l\u00edderes que operan bajo alta incertidumbre y riesgo de largo plazo.<\/h5><h5 data-start=\"2332\" data-end=\"2505\">Ha contribuido a iniciativas internacionales de pol\u00edtica p\u00fablica e investigaci\u00f3n en energ\u00eda y clima, y ha trabajado en entornos acad\u00e9micos, gubernamentales y de asesor\u00eda estrat\u00e9gica.<\/h5><h5 data-start=\"2507\" data-end=\"2646\">M\u00e1s que producir ideolog\u00eda o activismo, su trabajo enfatiza el rigor anal\u00edtico, la claridad estructural y marcos orientados a la toma de decisiones.<\/h5><h5>Experiencia en pol\u00edtica internacional, instituciones de investigaci\u00f3n, formaci\u00f3n ejecutiva y entornos de asesor\u00eda estrat\u00e9gica.<\/h5>\t\t\t\t\t\t\t\t<\/div>\n\t\t\t\t<\/div>\n\t\t\t\t<\/div>\n\t\t\t\t\t<\/div>\n\t\t\t\t<\/div>\n\t\t<div class=\"elementor-element elementor-element-33bbfdd e-flex e-con-boxed e-con e-parent\" data-id=\"33bbfdd\" data-element_type=\"container\" data-e-type=\"container\" data-settings=\"{&quot;background_background&quot;:&quot;classic&quot;}\">\n\t\t\t\t\t<div class=\"e-con-inner\">\n\t\t\t\t<div class=\"elementor-element elementor-element-86b699f elementor-widget elementor-widget-text-editor\" data-id=\"86b699f\" data-element_type=\"widget\" data-e-type=\"widget\" data-widget_type=\"text-editor.default\">\n\t\t\t\t<div class=\"elementor-widget-container\">\n\t\t\t\t\t\t\t\t\t<blockquote data-start=\"1333\" data-end=\"1519\"><h4 data-start=\"3011\" data-end=\"3124\">El Instituto de Energ\u00eda y Estrategia Global prioriza la independencia intelectual, la claridad estrat\u00e9gica y el pensamiento sist\u00e9mico.<\/h4><h4 data-start=\"3131\" data-end=\"3355\">Las actividades educativas y de asesor\u00eda est\u00e1n dise\u00f1adas para ir m\u00e1s all\u00e1 de narrativas ideol\u00f3gicas, enfoc\u00e1ndose en cambio en profundidad anal\u00edtica, toma de decisiones bajo incertidumbre y las realidades estructurales que moldean los resultados energ\u00e9ticos y clim\u00e1ticos.<\/h4><\/blockquote>\t\t\t\t\t\t\t\t<\/div>\n\t\t\t\t<\/div>\n\t\t\t\t\t<\/div>\n\t\t\t\t<\/div>\n\t\t<div class=\"elementor-element elementor-element-bb3c70c e-flex e-con-boxed e-con e-parent\" data-id=\"bb3c70c\" data-element_type=\"container\" data-e-type=\"container\">\n\t\t\t\t\t<div class=\"e-con-inner\">\n\t\t\t\t\t<\/div>\n\t\t\t\t<\/div>\n\t\t<div class=\"elementor-element elementor-element-d4ec4fd e-flex e-con-boxed e-con e-parent\" data-id=\"d4ec4fd\" data-element_type=\"container\" data-e-type=\"container\">\n\t\t\t\t\t<div class=\"e-con-inner\">\n\t\t\t\t<div class=\"elementor-element elementor-element-cda292f elementor-widget elementor-widget-heading\" data-id=\"cda292f\" data-element_type=\"widget\" data-e-type=\"widget\" data-widget_type=\"heading.default\">\n\t\t\t\t<div class=\"elementor-widget-container\">\n\t\t\t\t\t<h2 class=\"elementor-heading-title elementor-size-default\">Para colaboraci\u00f3n institucional, formaci\u00f3n ejecutiva o asesor\u00eda estrat\u00e9gica.<\/h2>\t\t\t\t<\/div>\n\t\t\t\t<\/div>\n\t\t\t\t\t<\/div>\n\t\t\t\t<\/div>\n\t\t<div class=\"elementor-element elementor-element-899d694 e-flex e-con-boxed e-con e-parent\" data-id=\"899d694\" data-element_type=\"container\" data-e-type=\"container\">\n\t\t\t\t\t<div class=\"e-con-inner\">\n\t\t\t\t\t<\/div>\n\t\t\t\t<\/div>\n\t\t<div class=\"elementor-element elementor-element-1cc0c77 e-flex e-con-boxed e-con e-parent\" data-id=\"1cc0c77\" data-element_type=\"container\" data-e-type=\"container\">\n\t\t\t\t\t<div class=\"e-con-inner\">\n\t\t\t\t<div class=\"elementor-element elementor-element-6dc75c7 elementor-align-center elementor-widget elementor-widget-button\" data-id=\"6dc75c7\" data-element_type=\"widget\" data-e-type=\"widget\" data-widget_type=\"button.default\">\n\t\t\t\t<div class=\"elementor-widget-container\">\n\t\t\t\t\t\t\t\t\t<div class=\"elementor-button-wrapper\">\n\t\t\t\t\t<a class=\"elementor-button elementor-button-link elementor-size-sm\" href=\"mailto:info@danielpachecorojas.com?subject=Executive%20Training%20Request\">\n\t\t\t\t\t\t<span class=\"elementor-button-content-wrapper\">\n\t\t\t\t\t\t\t\t\t<span class=\"elementor-button-text\">Contacto<\/span>\n\t\t\t\t\t<\/span>\n\t\t\t\t\t<\/a>\n\t\t\t\t<\/div>\n\t\t\t\t\t\t\t\t<\/div>\n\t\t\t\t<\/div>\n\t\t\t\t\t<\/div>\n\t\t\t\t<\/div>\n\t\t\t\t<\/div>","protected":false},"excerpt":{"rendered":"<p>Daniel Pacheco Rojas Founder &amp; Director \u2014 Energy &amp; Global Strategy Institute Energy Systems \u00b7 Strategy \u00b7 Geopolitics \u00b7 Decision-Making Daniel Pacheco Rojas is a PhD in Energy Engineering and strategic advisor operating at the intersection of energy systems, geopolitics, and high-stakes decision-making. His work integrates technical analysis, economic reasoning, and institutional strategy to support [&hellip;]<\/p>","protected":false},"author":1,"featured_media":0,"parent":0,"menu_order":0,"comment_status":"closed","ping_status":"closed","template":"elementor_header_footer","meta":{"footnotes":""},"class_list":["post-1476","page","type-page","status-publish","hentry"],"aioseo_notices":[],"_links":{"self":[{"href":"https:\/\/danielpachecorojas.com\/es\/wp-json\/wp\/v2\/pages\/1476","targetHints":{"allow":["GET"]}}],"collection":[{"href":"https:\/\/danielpachecorojas.com\/es\/wp-json\/wp\/v2\/pages"}],"about":[{"href":"https:\/\/danielpachecorojas.com\/es\/wp-json\/wp\/v2\/types\/page"}],"author":[{"embeddable":true,"href":"https:\/\/danielpachecorojas.com\/es\/wp-json\/wp\/v2\/users\/1"}],"replies":[{"embeddable":true,"href":"https:\/\/danielpachecorojas.com\/es\/wp-json\/wp\/v2\/comments?post=1476"}],"version-history":[{"count":42,"href":"https:\/\/danielpachecorojas.com\/es\/wp-json\/wp\/v2\/pages\/1476\/revisions"}],"predecessor-version":[{"id":2202,"href":"https:\/\/danielpachecorojas.com\/es\/wp-json\/wp\/v2\/pages\/1476\/revisions\/2202"}],"wp:attachment":[{"href":"https:\/\/danielpachecorojas.com\/es\/wp-json\/wp\/v2\/media?parent=1476"}],"curies":[{"name":"wp","href":"https:\/\/api.w.org\/{rel}","templated":true}]}}